{"id":243,"date":"2023-02-02T22:06:56","date_gmt":"2023-02-02T22:06:56","guid":{"rendered":"http:\/\/olaf-schuelke.de\/?page_id=243"},"modified":"2023-02-03T17:13:28","modified_gmt":"2023-02-03T17:13:28","slug":"theater-2","status":"publish","type":"page","link":"http:\/\/olaf-schuelke.de\/?page_id=243","title":{"rendered":"Referenzen"},"content":{"rendered":"\n<h1 class=\"wp-block-heading\">Theater<\/h1>\n\n\n\n<table id=\"tablepress-1\" class=\"tablepress tablepress-id-1\">\n<thead>\n<tr class=\"row-1 odd\">\n\t<th class=\"column-1\">Jahr<\/th><th class=\"column-2\">Theaterst\u00fcck<\/th><th class=\"column-3\">Rolle<\/th><th class=\"column-4\">Regisseur<\/th><th class=\"column-5\">Theater<\/th>\n<\/tr>\n<\/thead>\n<tbody class=\"row-hover\">\n<tr class=\"row-2 even\">\n\t<td class=\"column-1\">2026<\/td><td class=\"column-2\"><\/td><td class=\"column-3\"><\/td><td class=\"column-4\"><\/td><td class=\"column-5\"><\/td>\n<\/tr>\n<tr class=\"row-3 odd\">\n\t<td class=\"column-1\"><\/td><td class=\"column-2\">Zwei wie Bonnie und Clyde<\/td><td class=\"column-3\">Manni<\/td><td class=\"column-4\">Bernd Wefelmeyer<\/td><td class=\"column-5\">Stadttheater K\u00f6penick<\/td>\n<\/tr>\n<tr class=\"row-4 even\">\n\t<td class=\"column-1\">2024<\/td><td class=\"column-2\"><\/td><td class=\"column-3\"><\/td><td class=\"column-4\"><\/td><td class=\"column-5\"><\/td>\n<\/tr>\n<tr class=\"row-5 odd\">\n\t<td class=\"column-1\"><\/td><td class=\"column-2\">Berlin, Berliner, am Berlinsten<\/td><td class=\"column-3\">Diverse<\/td><td class=\"column-4\">Bernd Wefelmeyer<\/td><td class=\"column-5\">Stadttheater K\u00f6penick<\/td>\n<\/tr>\n<tr class=\"row-6 even\">\n\t<td class=\"column-1\">2023<\/td><td class=\"column-2\"><\/td><td class=\"column-3\"><\/td><td class=\"column-4\"><\/td><td class=\"column-5\"><\/td>\n<\/tr>\n<tr class=\"row-7 odd\">\n\t<td class=\"column-1\"><\/td><td class=\"column-2\">Das kann doch einen Seemann nicht ersch\u00fcttern<\/td><td class=\"column-3\">Moderator, S\u00e4nger<\/td><td class=\"column-4\">J\u00fcrgen Hilbrecht<\/td><td class=\"column-5\">Diverse<\/td>\n<\/tr>\n<tr class=\"row-8 even\">\n\t<td class=\"column-1\">2022<\/td><td class=\"column-2\"><\/td><td class=\"column-3\"><\/td><td class=\"column-4\"><\/td><td class=\"column-5\"><\/td>\n<\/tr>\n<tr class=\"row-9 odd\">\n\t<td class=\"column-1\"><\/td><td class=\"column-2\">Liebling, mein Herz l\u00e4sst dich gr\u00fc\u00dfen<\/td><td class=\"column-3\">Paule<\/td><td class=\"column-4\">Klaus Gendries<\/td><td class=\"column-5\">Hauptmanns-Klub<\/td>\n<\/tr>\n<tr class=\"row-10 even\">\n\t<td class=\"column-1\">2019<\/td><td class=\"column-2\"><\/td><td class=\"column-3\"><\/td><td class=\"column-4\"><\/td><td class=\"column-5\"><\/td>\n<\/tr>\n<tr class=\"row-11 odd\">\n\t<td class=\"column-1\"><\/td><td class=\"column-2\">Die Olsenbande<\/td><td class=\"column-3\">Benny,  Dynamit Harry<\/td><td class=\"column-4\">Klaus Gendries<\/td><td class=\"column-5\">Hauptmanns-Klub<\/td>\n<\/tr>\n<tr class=\"row-12 even\">\n\t<td class=\"column-1\">2017<\/td><td class=\"column-2\"><\/td><td class=\"column-3\"><\/td><td class=\"column-4\"><\/td><td class=\"column-5\"><\/td>\n<\/tr>\n<tr class=\"row-13 odd\">\n\t<td class=\"column-1\"><\/td><td class=\"column-2\">Venedig im Schnee<\/td><td class=\"column-3\">Jean-Luc<\/td><td class=\"column-4\">Klaus Gendries<\/td><td class=\"column-5\">Open Air<\/td>\n<\/tr>\n<tr class=\"row-14 even\">\n\t<td class=\"column-1\">2016<\/td><td class=\"column-2\"><\/td><td class=\"column-3\"><\/td><td class=\"column-4\"><\/td><td class=\"column-5\"><\/td>\n<\/tr>\n<tr class=\"row-15 odd\">\n\t<td class=\"column-1\"><\/td><td class=\"column-2\">Tropfen auf hei\u00dfe Steine<\/td><td class=\"column-3\">Leopold<\/td><td class=\"column-4\">Hans Hirschm\u00fcller<\/td><td class=\"column-5\">Glanzfilmfabrik<\/td>\n<\/tr>\n<tr class=\"row-16 even\">\n\t<td class=\"column-1\">2015<\/td><td class=\"column-2\"><\/td><td class=\"column-3\"><\/td><td class=\"column-4\"><\/td><td class=\"column-5\"><\/td>\n<\/tr>\n<tr class=\"row-17 odd\">\n\t<td class=\"column-1\"><\/td><td class=\"column-2\">Der eingebildete Kranke<\/td><td class=\"column-3\">Argan<\/td><td class=\"column-4\">Stephanie K\u00fchn<\/td><td class=\"column-5\">KGA- Altglienicke<\/td>\n<\/tr>\n<tr class=\"row-18 even\">\n\t<td class=\"column-1\">2014<\/td><td class=\"column-2\"><\/td><td class=\"column-3\"><\/td><td class=\"column-4\"><\/td><td class=\"column-5\"><\/td>\n<\/tr>\n<tr class=\"row-19 odd\">\n\t<td class=\"column-1\"><\/td><td class=\"column-2\">Landeier - Bauern suchen Frauen<\/td><td class=\"column-3\">Richard<\/td><td class=\"column-4\">Andr\u00e9 Nicke<\/td><td class=\"column-5\">Stadttheater C\u00f6penick<\/td>\n<\/tr>\n<tr class=\"row-20 even\">\n\t<td class=\"column-1\"><\/td><td class=\"column-2\">Meine Braut, sein Vater und ich<\/td><td class=\"column-3\">Henry<\/td><td class=\"column-4\">Andr\u00e9 Nicke<\/td><td class=\"column-5\">Stadttheater C\u00f6penick<\/td>\n<\/tr>\n<tr class=\"row-21 odd\">\n\t<td class=\"column-1\">2013<\/td><td class=\"column-2\"><\/td><td class=\"column-3\"><\/td><td class=\"column-4\"><\/td><td class=\"column-5\"><\/td>\n<\/tr>\n<tr class=\"row-22 even\">\n\t<td class=\"column-1\"><\/td><td class=\"column-2\">Der Tag, an dem der Papst gekidnappt wurde<\/td><td class=\"column-3\">Irving<\/td><td class=\"column-4\">Andr\u00e9 Nicke<\/td><td class=\"column-5\">Stadttheater C\u00f6penick<\/td>\n<\/tr>\n<tr class=\"row-23 odd\">\n\t<td class=\"column-1\"><\/td><td class=\"column-2\">Bei der Feuerwehr wird der Kaffee kalt<\/td><td class=\"column-3\">Meier<\/td><td class=\"column-4\">Stephanie K\u00fchn<\/td><td class=\"column-5\">Kindertheater<\/td>\n<\/tr>\n<tr class=\"row-24 even\">\n\t<td class=\"column-1\"><\/td><td class=\"column-2\">G\u00fclden Girls<\/td><td class=\"column-3\">Stripper, Gerichtsvollzieher, Priester<\/td><td class=\"column-4\">Andr\u00e9 Nicke<\/td><td class=\"column-5\">Stadttheater C\u00f6penick<\/td>\n<\/tr>\n<tr class=\"row-25 odd\">\n\t<td class=\"column-1\">2012<\/td><td class=\"column-2\"><\/td><td class=\"column-3\"><\/td><td class=\"column-4\"><\/td><td class=\"column-5\"><\/td>\n<\/tr>\n<tr class=\"row-26 even\">\n\t<td class=\"column-1\"><\/td><td class=\"column-2\">'Moooment!'- Ein Loriot-Abend<\/td><td class=\"column-3\">Opa Hoppenstedt<\/td><td class=\"column-4\">Andr\u00e9 Nicke<\/td><td class=\"column-5\">Stadttheater C\u00f6penick<\/td>\n<\/tr>\n<tr class=\"row-27 odd\">\n\t<td class=\"column-1\"><\/td><td class=\"column-2\">Die Schneek\u00f6nigin<\/td><td class=\"column-3\">Rabe Kolk<\/td><td class=\"column-4\">Andr\u00e9 Nicke<\/td><td class=\"column-5\">Kindertheater<\/td>\n<\/tr>\n<tr class=\"row-28 even\">\n\t<td class=\"column-1\">2011<\/td><td class=\"column-2\"><\/td><td class=\"column-3\"><\/td><td class=\"column-4\"><\/td><td class=\"column-5\"><\/td>\n<\/tr>\n<tr class=\"row-29 odd\">\n\t<td class=\"column-1\"><\/td><td class=\"column-2\">Ganze Kerle<\/td><td class=\"column-3\">Klaus Buschmann, Marilyn Monroe, Heidi<\/td><td class=\"column-4\">Andr\u00e9 Nicke<\/td><td class=\"column-5\">Stadttheater C\u00f6penick<\/td>\n<\/tr>\n<tr class=\"row-30 even\">\n\t<td class=\"column-1\"><\/td><td class=\"column-2\">Loriots Dramatische Werke<\/td><td class=\"column-3\">Dr. Kl\u00f6bner<\/td><td class=\"column-4\">Andr\u00e9 Nicke<\/td><td class=\"column-5\">Stadttheater C\u00f6penick<\/td>\n<\/tr>\n<tr class=\"row-31 odd\">\n\t<td class=\"column-1\"><\/td><td class=\"column-2\">Frauen und M\u00e4nner passen einfach nicht zusammen<\/td><td class=\"column-3\">Szenische Lesung<\/td><td class=\"column-4\">Andr\u00e9 Nicke<\/td><td class=\"column-5\">Stadttheater C\u00f6penick<\/td>\n<\/tr>\n<tr class=\"row-32 even\">\n\t<td class=\"column-1\"><\/td><td class=\"column-2\">Max und Moritz<\/td><td class=\"column-3\">Max<\/td><td class=\"column-4\">Andr\u00e9 Nicke<\/td><td class=\"column-5\">Kindertheater<\/td>\n<\/tr>\n<tr class=\"row-33 odd\">\n\t<td class=\"column-1\"><\/td><td class=\"column-2\">Der Struwwelpeter<\/td><td class=\"column-3\">Struwwelpeter<\/td><td class=\"column-4\">Andr\u00e9 Nicke<\/td><td class=\"column-5\">Kindertheater<\/td>\n<\/tr>\n<tr class=\"row-34 even\">\n\t<td class=\"column-1\">2010<\/td><td class=\"column-2\"><\/td><td class=\"column-3\"><\/td><td class=\"column-4\"><\/td><td class=\"column-5\"><\/td>\n<\/tr>\n<tr class=\"row-35 odd\">\n\t<td class=\"column-1\"><\/td><td class=\"column-2\">Ladies Night<\/td><td class=\"column-3\">Norman<\/td><td class=\"column-4\">Andr\u00e9 Nicke<\/td><td class=\"column-5\">Stadttheater C\u00f6penick<\/td>\n<\/tr>\n<tr class=\"row-36 even\">\n\t<td class=\"column-1\"><\/td><td class=\"column-2\">Witz komm raus du bist umzingelt!<\/td><td class=\"column-3\">Junge Entertainer<\/td><td class=\"column-4\">Klaus Stephan<\/td><td class=\"column-5\">Stadttheater C\u00f6penick<\/td>\n<\/tr>\n<tr class=\"row-37 odd\">\n\t<td class=\"column-1\"><\/td><td class=\"column-2\">Hunde haben Herrchen, Katzen Personal<\/td><td class=\"column-3\">Szenische Lesung<\/td><td class=\"column-4\">Jens M\u00fcller<\/td><td class=\"column-5\">Stadttheater C\u00f6penick<\/td>\n<\/tr>\n<tr class=\"row-38 even\">\n\t<td class=\"column-1\"><\/td><td class=\"column-2\">Alarm im Kasperletheater<\/td><td class=\"column-3\">K\u00f6nig<\/td><td class=\"column-4\">Andr\u00e9 Nicke<\/td><td class=\"column-5\">Kindertheater<\/td>\n<\/tr>\n<tr class=\"row-39 odd\">\n\t<td class=\"column-1\">2009<\/td><td class=\"column-2\"><\/td><td class=\"column-3\"><\/td><td class=\"column-4\"><\/td><td class=\"column-5\"><\/td>\n<\/tr>\n<tr class=\"row-40 even\">\n\t<td class=\"column-1\"><\/td><td class=\"column-2\">Ein irrer Duft von frischem Heu<\/td><td class=\"column-3\">Pfarrer Himmelsknecht<\/td><td class=\"column-4\">Christian Bleyhoeffer<\/td><td class=\"column-5\">Stadttheater C\u00f6penick<\/td>\n<\/tr>\n<tr class=\"row-41 odd\">\n\t<td class=\"column-1\"><\/td><td class=\"column-2\">Nathan der Weise<\/td><td class=\"column-3\">Klosterbruder<\/td><td class=\"column-4\">Andr\u00e9 Nicke<\/td><td class=\"column-5\">Stadttheater C\u00f6penick<\/td>\n<\/tr>\n<tr class=\"row-42 even\">\n\t<td class=\"column-1\"><\/td><td class=\"column-2\">Die Mitschuldigen<\/td><td class=\"column-3\">S\u00f6ller<\/td><td class=\"column-4\">Klaus Stephan<\/td><td class=\"column-5\">Stadttheater C\u00f6penick<\/td>\n<\/tr>\n<tr class=\"row-43 odd\">\n\t<td class=\"column-1\"><\/td><td class=\"column-2\">Rapunzel<\/td><td class=\"column-3\">Kasimir<\/td><td class=\"column-4\">Andr\u00e9 Nicke<\/td><td class=\"column-5\">Stadttheater C\u00f6penick<\/td>\n<\/tr>\n<tr class=\"row-44 even\">\n\t<td class=\"column-1\">2008<\/td><td class=\"column-2\"><\/td><td class=\"column-3\"><\/td><td class=\"column-4\"><\/td><td class=\"column-5\"><\/td>\n<\/tr>\n<tr class=\"row-45 odd\">\n\t<td class=\"column-1\"><\/td><td class=\"column-2\">Der Hauptmann von K\u00f6penick<\/td><td class=\"column-3\">Wabschke, H\u00e4ftling, Gefreiter, Transvestit<\/td><td class=\"column-4\">Andr\u00e9 Nicke<\/td><td class=\"column-5\">Theatersaal Rathaus K\u00f6penick<\/td>\n<\/tr>\n<tr class=\"row-46 even\">\n\t<td class=\"column-1\"><\/td><td class=\"column-2\">Sonny Boys<\/td><td class=\"column-3\">Regieassistent<\/td><td class=\"column-4\">Andr\u00e9 Nicke<\/td><td class=\"column-5\">Stadttheater C\u00f6penick<\/td>\n<\/tr>\n<tr class=\"row-47 odd\">\n\t<td class=\"column-1\"><\/td><td class=\"column-2\">Das Wirtshaus im Spessart<\/td><td class=\"column-3\">Schornsteinfeger<\/td><td class=\"column-4\">Andr\u00e9 Nicke<\/td><td class=\"column-5\">Open Air Brauereib\u00fchne<\/td>\n<\/tr>\n<tr class=\"row-48 even\">\n\t<td class=\"column-1\"><\/td><td class=\"column-2\">Schweigen ist Zustimmung<\/td><td class=\"column-3\">Neonazi, Kommunist, braver B\u00fcrger<\/td><td class=\"column-4\">Heike Schmidt<\/td><td class=\"column-5\">Berliner Schulen<\/td>\n<\/tr>\n<tr class=\"row-49 odd\">\n\t<td class=\"column-1\"><\/td><td class=\"column-2\">Dornr\u00f6schen<\/td><td class=\"column-3\">Prinz<\/td><td class=\"column-4\">Andr\u00e9 Nicke<\/td><td class=\"column-5\">Kindertheater<\/td>\n<\/tr>\n<tr class=\"row-50 even\">\n\t<td class=\"column-1\"><\/td><td class=\"column-2\">Die sch\u00f6ne Wassilissa<\/td><td class=\"column-3\">Ivan<\/td><td class=\"column-4\">Klaus Stephan<\/td><td class=\"column-5\">Kindertheater<\/td>\n<\/tr>\n<tr class=\"row-51 odd\">\n\t<td class=\"column-1\">2007<\/td><td class=\"column-2\"><\/td><td class=\"column-3\"><\/td><td class=\"column-4\"><\/td><td class=\"column-5\"><\/td>\n<\/tr>\n<tr class=\"row-52 even\">\n\t<td class=\"column-1\"><\/td><td class=\"column-2\">Der zerbrochne Krug<\/td><td class=\"column-3\">Ruprecht<\/td><td class=\"column-4\">Andr\u00e9 Nicke<\/td><td class=\"column-5\">Stadttheater C\u00f6penick<\/td>\n<\/tr>\n<tr class=\"row-53 odd\">\n\t<td class=\"column-1\"><\/td><td class=\"column-2\">Im wei\u00dfen R\u00f6ssl<\/td><td class=\"column-3\">Piccolo<\/td><td class=\"column-4\">Klaus Stephan<\/td><td class=\"column-5\">Open Air Brauereib\u00fchne<\/td>\n<\/tr>\n<tr class=\"row-54 even\">\n\t<td class=\"column-1\"><\/td><td class=\"column-2\">Die drei Schweinchen und der Wolf<\/td><td class=\"column-3\">Erz\u00e4hler<\/td><td class=\"column-4\">Kornelia Mitrea<\/td><td class=\"column-5\">Kindertheater<\/td>\n<\/tr>\n<tr class=\"row-55 odd\">\n\t<td class=\"column-1\"><\/td><td class=\"column-2\">Hans im Gl\u00fcck<\/td><td class=\"column-3\">Metzger, Scherenschleifer, G\u00e4nsebursche<\/td><td class=\"column-4\">Christine Schwarzkopf<\/td><td class=\"column-5\">Stadttheater C\u00f6penick<\/td>\n<\/tr>\n<tr class=\"row-56 even\">\n\t<td class=\"column-1\"><\/td><td class=\"column-2\">Peter und der Wolf<\/td><td class=\"column-3\">Ente, J\u00e4ger<\/td><td class=\"column-4\">Kornelia Mitrea<\/td><td class=\"column-5\">Stadttheater C\u00f6penick<\/td>\n<\/tr>\n<tr class=\"row-57 odd\">\n\t<td class=\"column-1\">2006<\/td><td class=\"column-2\"><\/td><td class=\"column-3\"><\/td><td class=\"column-4\"><\/td><td class=\"column-5\"><\/td>\n<\/tr>\n<tr class=\"row-58 even\">\n\t<td class=\"column-1\"><\/td><td class=\"column-2\">Novecento<\/td><td class=\"column-3\">Seemann<\/td><td class=\"column-4\">Georg Boese<\/td><td class=\"column-5\">Theater Mosaik Berlin<\/td>\n<\/tr>\n<tr class=\"row-59 odd\">\n\t<td class=\"column-1\"><\/td><td class=\"column-2\">Meyer oder Lehmann<\/td><td class=\"column-3\">Hauptmann<\/td><td class=\"column-4\">Christian Noack<\/td><td class=\"column-5\">Figurentheater Berlin<\/td>\n<\/tr>\n<tr class=\"row-60 even\">\n\t<td class=\"column-1\"><\/td><td class=\"column-2\">Pedro in der Arena<\/td><td class=\"column-3\">Matador<\/td><td class=\"column-4\">Gerd Knappe<\/td><td class=\"column-5\">A. Tschechow Theater<\/td>\n<\/tr>\n<tr class=\"row-61 odd\">\n\t<td class=\"column-1\"><\/td><td class=\"column-2\">Der B\u00fcrger als Edelmann<\/td><td class=\"column-3\">Lakai<\/td><td class=\"column-4\">Andr\u00e9 Nicke<\/td><td class=\"column-5\">Stadttheater C\u00f6penick<\/td>\n<\/tr>\n<tr class=\"row-62 even\">\n\t<td class=\"column-1\">2005<\/td><td class=\"column-2\"><\/td><td class=\"column-3\"><\/td><td class=\"column-4\"><\/td><td class=\"column-5\"><\/td>\n<\/tr>\n<tr class=\"row-63 odd\">\n\t<td class=\"column-1\"><\/td><td class=\"column-2\">Couplet vom Eckensteher Nante<\/td><td class=\"column-3\">Eckensteher Nante<\/td><td class=\"column-4\">Holm G\u00e4rtner<\/td><td class=\"column-5\">Eventb\u00fchne Alt-Stralau<\/td>\n<\/tr>\n<tr class=\"row-64 even\">\n\t<td class=\"column-1\"><\/td><td class=\"column-2\">Ausschnitte aus 'Medea'<\/td><td class=\"column-3\">K\u00f6nig Kreon<\/td><td class=\"column-4\">Holm G\u00e4rtner<\/td><td class=\"column-5\">Eventb\u00fchne Alt-Stralau<\/td>\n<\/tr>\n<tr class=\"row-65 odd\">\n\t<td class=\"column-1\">1990-2004<\/td><td class=\"column-2\"><\/td><td class=\"column-3\"><\/td><td class=\"column-4\"><\/td><td class=\"column-5\"><\/td>\n<\/tr>\n<tr class=\"row-66 even\">\n\t<td class=\"column-1\"><\/td><td class=\"column-2\">K\u00e4thchen von Heilbronn<\/td><td class=\"column-3\">Diener<\/td><td class=\"column-4\">T. Langhoff<\/td><td class=\"column-5\">Deutsches Theater<\/td>\n<\/tr>\n<tr class=\"row-67 odd\">\n\t<td class=\"column-1\"><\/td><td class=\"column-2\">Emilia Galotti<\/td><td class=\"column-3\">T\u00e4nzer<\/td><td class=\"column-4\">M. Thalheimer<\/td><td class=\"column-5\">Deutsches Theater<\/td>\n<\/tr>\n<tr class=\"row-68 even\">\n\t<td class=\"column-1\"><\/td><td class=\"column-2\">Nathan der Weise<\/td><td class=\"column-3\">M\u00f6nch<\/td><td class=\"column-4\">F. Solter<\/td><td class=\"column-5\">Deutsches Theater<\/td>\n<\/tr>\n<tr class=\"row-69 odd\">\n\t<td class=\"column-1\"><\/td><td class=\"column-2\"><\/td><td class=\"column-3\"><\/td><td class=\"column-4\"><\/td><td class=\"column-5\"><\/td>\n<\/tr>\n<\/tbody>\n<\/table>\n<!-- #tablepress-1 from cache -->\n\n\n\n<h1 class=\"wp-block-heading\">Film und Fernsehen<\/h1>\n\n\n\n<p><\/p>\n\n\n\n<table id=\"tablepress-2\" class=\"tablepress tablepress-id-2\">\n<thead>\n<tr class=\"row-1 odd\">\n\t<th class=\"column-1\">Jahr<\/th><th class=\"column-2\">Filmname<\/th><th class=\"column-3\">Rolle<\/th><th class=\"column-4\">Regisseur<\/th>\n<\/tr>\n<\/thead>\n<tbody class=\"row-hover\">\n<tr class=\"row-2 even\">\n\t<td class=\"column-1\">2017<\/td><td class=\"column-2\"><\/td><td class=\"column-3\"><\/td><td class=\"column-4\"><\/td>\n<\/tr>\n<tr class=\"row-3 odd\">\n\t<td class=\"column-1\"><\/td><td class=\"column-2\">Die Welt muss wissen<\/td><td class=\"column-3\">Whisteblower<\/td><td class=\"column-4\">J\u00f6rg Schulz, Musikvideo<\/td>\n<\/tr>\n<tr class=\"row-4 even\">\n\t<td class=\"column-1\"><\/td><td class=\"column-2\">Die angezogene Laserpistole<\/td><td class=\"column-3\">Matrose<\/td><td class=\"column-4\">Martin Roth, Kurzfilm<\/td>\n<\/tr>\n<tr class=\"row-5 odd\">\n\t<td class=\"column-1\">2012<\/td><td class=\"column-2\"><\/td><td class=\"column-3\"><\/td><td class=\"column-4\"><\/td>\n<\/tr>\n<tr class=\"row-6 even\">\n\t<td class=\"column-1\"><\/td><td class=\"column-2\">Luma<\/td><td class=\"column-3\">Pfarrer<\/td><td class=\"column-4\">Silvia Riettdorf<\/td>\n<\/tr>\n<tr class=\"row-7 odd\">\n\t<td class=\"column-1\"><\/td><td class=\"column-2\">O-Film<\/td><td class=\"column-3\">Entf\u00fchrer<\/td><td class=\"column-4\">Florian Schurz<\/td>\n<\/tr>\n<tr class=\"row-8 even\">\n\t<td class=\"column-1\"><\/td><td class=\"column-2\">Wege noch im ewig Dunklem finden<\/td><td class=\"column-3\">Vater<\/td><td class=\"column-4\">Joschka Korn<\/td>\n<\/tr>\n<tr class=\"row-9 odd\">\n\t<td class=\"column-1\">2006<\/td><td class=\"column-2\"><\/td><td class=\"column-3\"><\/td><td class=\"column-4\"><\/td>\n<\/tr>\n<tr class=\"row-10 even\">\n\t<td class=\"column-1\"><\/td><td class=\"column-2\">Senf oder Ketchup<\/td><td class=\"column-3\">Fahrraddieb<\/td><td class=\"column-4\">Jani G\u00fcttel, Kurzfilm<\/td>\n<\/tr>\n<tr class=\"row-11 odd\">\n\t<td class=\"column-1\">1999<\/td><td class=\"column-2\"><\/td><td class=\"column-3\"><\/td><td class=\"column-4\"><\/td>\n<\/tr>\n<tr class=\"row-12 even\">\n\t<td class=\"column-1\"><\/td><td class=\"column-2\">Polizeiruf 110<\/td><td class=\"column-3\">Polizist<\/td><td class=\"column-4\">Hans-Erich Viet<\/td>\n<\/tr>\n<\/tbody>\n<\/table>\n<!-- #tablepress-2 from cache -->\n","protected":false},"excerpt":{"rendered":"<p>Theater Film und Fernsehen<\/p>\n","protected":false},"author":1,"featured_media":0,"parent":0,"menu_order":0,"comment_status":"closed","ping_status":"closed","template":"","meta":{"footnotes":""},"_links":{"self":[{"href":"http:\/\/olaf-schuelke.de\/index.php?rest_route=\/wp\/v2\/pages\/243"}],"collection":[{"href":"http:\/\/olaf-schuelke.de\/index.php?rest_route=\/wp\/v2\/pages"}],"about":[{"href":"http:\/\/olaf-schuelke.de\/index.php?rest_route=\/wp\/v2\/types\/page"}],"author":[{"embeddable":true,"href":"http:\/\/olaf-schuelke.de\/index.php?rest_route=\/wp\/v2\/users\/1"}],"replies":[{"embeddable":true,"href":"http:\/\/olaf-schuelke.de\/index.php?rest_route=%2Fwp%2Fv2%2Fcomments&post=243"}],"version-history":[{"count":8,"href":"http:\/\/olaf-schuelke.de\/index.php?rest_route=\/wp\/v2\/pages\/243\/revisions"}],"predecessor-version":[{"id":268,"href":"http:\/\/olaf-schuelke.de\/index.php?rest_route=\/wp\/v2\/pages\/243\/revisions\/268"}],"wp:attachment":[{"href":"http:\/\/olaf-schuelke.de\/index.php?rest_route=%2Fwp%2Fv2%2Fmedia&parent=243"}],"curies":[{"name":"wp","href":"https:\/\/api.w.org\/{rel}","templated":true}]}}